{"id":25,"date":"2022-06-09T16:33:15","date_gmt":"2022-06-09T16:33:15","guid":{"rendered":"https:\/\/escampe.fr\/permaculture\/?page_id=25"},"modified":"2022-06-11T19:30:19","modified_gmt":"2022-06-11T19:30:19","slug":"lassociation","status":"publish","type":"page","link":"https:\/\/escampe.fr\/permaculture\/?page_id=25","title":{"rendered":"L&rsquo;Escampe, ce que nous vous proposons"},"content":{"rendered":"\n<p><\/p>\n\n\n\n<p>Notre association \u00e0 pour<strong> vocation de promouvoir <\/strong>et de faciliter, d&rsquo;accompagner la <strong>mise en pratique de la permaculture chez soi<\/strong>.<\/p>\n\n\n\n<p>Pour ces objectifs nos actions s&rsquo;articulent sur une diversit\u00e9 de propositions d&rsquo;animations.<\/p>\n\n\n\n<p><strong>Voici la liste de l&rsquo;ensemble des prestations proposables par l&rsquo;association&nbsp;:<\/strong><\/p>\n\n\n\n<h2 class=\"wp-block-heading\"><strong>Information, communication, sensibilisation<\/strong><\/h2>\n\n\n\n<ul class=\"wp-block-list\"><li>permanences et informations au public,<\/li><li>accueil et visite de l&rsquo;\u00e9colieu \u00ab&nbsp;Crocus&nbsp;\u00bb,<\/li><li>pr\u00e9sentation de l&rsquo;association et participation lors d&rsquo;\u00e9v\u00e9nements alternatifs,<\/li><li>conf\u00e9rences, participation aux d\u00e9bats<\/li><li>Organisation et animation <strong>d<\/strong><strong>es rencontres de l&rsquo;Escampe<\/strong>&nbsp;: 2 jours de partage d&rsquo;exp\u00e9riences et des savoirs faire autour de nombreux ateliers propos\u00e9s et anim\u00e9s par nos adh\u00e9rents.<\/li><\/ul>\n\n\n\n<h2 class=\"wp-block-heading\"><strong>Formations \/ p\u00e9dagogie \u2013 Th\u00e9ories et pratiques<\/strong><\/h2>\n\n\n\n<ul class=\"wp-block-list\"><li>organisation de formations autour de la permaculture,<\/li><li>interventions lors de formations ext\u00e9rieures lorsque nous sommes sollicit\u00e9s<\/li><li>organisations et animations de stages et d&rsquo;ateliers chez l\u2019un de nos adh\u00e9rents,<\/li><li>interventions aupr\u00e8s de publics scolaires&nbsp;: projets p\u00e9dagogiques autour du d\u00e9veloppement durable, sorties guid\u00e9es et anim\u00e9es en for\u00eat<\/li><\/ul>\n\n\n\n<figure class=\"wp-block-gallery alignwide has-nested-images columns-default is-cropped wp-block-gallery-1 is-layout-flex wp-block-gallery-is-layout-flex\">\n<figure class=\"wp-block-image size-large\"><img loading=\"lazy\" decoding=\"async\" width=\"600\" height=\"372\" data-id=\"39\" src=\"https:\/\/escampe.fr\/permaculture\/wp-content\/uploads\/2022\/06\/atelier-insectes32-600x372-1.jpg\" alt=\"\" class=\"wp-image-39\" srcset=\"https:\/\/escampe.fr\/permaculture\/wp-content\/uploads\/2022\/06\/atelier-insectes32-600x372-1.jpg 600w, https:\/\/escampe.fr\/permaculture\/wp-content\/uploads\/2022\/06\/atelier-insectes32-600x372-1-300x186.jpg 300w\" sizes=\"(max-width: 600px) 100vw, 600px\" \/><figcaption>Atelier H\u00f4tel \u00e0 insectes<\/figcaption><\/figure>\n\n\n\n<figure class=\"wp-block-image size-large\"><img loading=\"lazy\" decoding=\"async\" width=\"600\" height=\"440\" data-id=\"40\" src=\"https:\/\/escampe.fr\/permaculture\/wp-content\/uploads\/2022\/06\/atelier-four-solaire.jpg\" alt=\"\" class=\"wp-image-40\" srcset=\"https:\/\/escampe.fr\/permaculture\/wp-content\/uploads\/2022\/06\/atelier-four-solaire.jpg 600w, https:\/\/escampe.fr\/permaculture\/wp-content\/uploads\/2022\/06\/atelier-four-solaire-300x220.jpg 300w\" sizes=\"(max-width: 600px) 100vw, 600px\" \/><figcaption>Construction four solaire<\/figcaption><\/figure>\n<\/figure>\n\n\n\n<h2 class=\"wp-block-heading\"><strong>Accompagnement dans la mise en pratique<\/strong><\/h2>\n\n\n\n<ul class=\"wp-block-list\"><li>accompagnement de mise en place de jardin<\/li><li>investissement dans des groupes de travail \/ groupements d&rsquo;associations \/ collectifs (\u00e0 but p\u00e9dagogique, sensibilisation grand public)<\/li><li>reconnaissance de la flore chez les particuliers,<\/li><li>r\u00e9alisation de designs de permaculture pour des collectifs ou des particuliers, organisation de Perma coup de coeur ( Permabitz)<\/li><li>banque de graines&nbsp;: la Graine Rie (n\u2019existe plus)<\/li><li>imagination, cr\u00e9ation et utilisations d&rsquo;outils et objets pour faciliter la mise en pratique de la permaculture.<\/li><\/ul>\n\n\n\n<figure class=\"wp-block-gallery has-nested-images columns-default is-cropped wp-block-gallery-2 is-layout-flex wp-block-gallery-is-layout-flex\">\n<figure class=\"wp-block-image size-large is-style-default\"><img loading=\"lazy\" decoding=\"async\" width=\"1024\" height=\"683\" data-id=\"45\" src=\"https:\/\/escampe.fr\/permaculture\/wp-content\/uploads\/2022\/06\/MG_7139-1024x683.jpg\" alt=\"\" class=\"wp-image-45\" srcset=\"https:\/\/escampe.fr\/permaculture\/wp-content\/uploads\/2022\/06\/MG_7139-1024x683.jpg 1024w, https:\/\/escampe.fr\/permaculture\/wp-content\/uploads\/2022\/06\/MG_7139-300x200.jpg 300w, https:\/\/escampe.fr\/permaculture\/wp-content\/uploads\/2022\/06\/MG_7139-768x512.jpg 768w, https:\/\/escampe.fr\/permaculture\/wp-content\/uploads\/2022\/06\/MG_7139-1536x1024.jpg 1536w, https:\/\/escampe.fr\/permaculture\/wp-content\/uploads\/2022\/06\/MG_7139-2048x1365.jpg 2048w\" sizes=\"(max-width: 1024px) 100vw, 1024px\" \/><\/figure>\n\n\n\n<figure class=\"wp-block-image size-full\"><img loading=\"lazy\" decoding=\"async\" width=\"640\" height=\"400\" data-id=\"48\" src=\"https:\/\/escampe.fr\/permaculture\/wp-content\/uploads\/2022\/06\/engrainesdevie-2015-06-001.jpg\" alt=\"\" class=\"wp-image-48\" srcset=\"https:\/\/escampe.fr\/permaculture\/wp-content\/uploads\/2022\/06\/engrainesdevie-2015-06-001.jpg 640w, https:\/\/escampe.fr\/permaculture\/wp-content\/uploads\/2022\/06\/engrainesdevie-2015-06-001-300x188.jpg 300w\" sizes=\"(max-width: 640px) 100vw, 640px\" \/><\/figure>\n<\/figure>\n","protected":false},"excerpt":{"rendered":"<p>Notre association \u00e0 pour vocation de promouvoir et de faciliter, d&rsquo;accompagner la mise en pratique de la permaculture chez soi. Pour ces objectifs nos actions s&rsquo;articulent sur une diversit\u00e9 de propositions d&rsquo;animations. Voici la liste de l&rsquo;ensemble des prestations proposables par l&rsquo;association&nbsp;: Information, communication, sensibilisation permanences et informations au public, accueil et visite de l&rsquo;\u00e9colieu &hellip; <a href=\"https:\/\/escampe.fr\/permaculture\/?page_id=25\" class=\"more-link\">Continuer la lecture de <span class=\"screen-reader-text\">L&rsquo;Escampe, ce que nous vous proposons<\/span>  <span class=\"meta-nav\">&rarr;<\/span><\/a><\/p>\n","protected":false},"author":1,"featured_media":0,"parent":0,"menu_order":0,"comment_status":"closed","ping_status":"closed","template":"","meta":{"footnotes":""},"class_list":["post-25","page","type-page","status-publish","hentry"],"_links":{"self":[{"href":"https:\/\/escampe.fr\/permaculture\/index.php?rest_route=\/wp\/v2\/pages\/25"}],"collection":[{"href":"https:\/\/escampe.fr\/permaculture\/index.php?rest_route=\/wp\/v2\/pages"}],"about":[{"href":"https:\/\/escampe.fr\/permaculture\/index.php?rest_route=\/wp\/v2\/types\/page"}],"author":[{"embeddable":true,"href":"https:\/\/escampe.fr\/permaculture\/index.php?rest_route=\/wp\/v2\/users\/1"}],"replies":[{"embeddable":true,"href":"https:\/\/escampe.fr\/permaculture\/index.php?rest_route=%2Fwp%2Fv2%2Fcomments&post=25"}],"version-history":[{"count":10,"href":"https:\/\/escampe.fr\/permaculture\/index.php?rest_route=\/wp\/v2\/pages\/25\/revisions"}],"predecessor-version":[{"id":86,"href":"https:\/\/escampe.fr\/permaculture\/index.php?rest_route=\/wp\/v2\/pages\/25\/revisions\/86"}],"wp:attachment":[{"href":"https:\/\/escampe.fr\/permaculture\/index.php?rest_route=%2Fwp%2Fv2%2Fmedia&parent=25"}],"curies":[{"name":"wp","href":"https:\/\/api.w.org\/{rel}","templated":true}]}}