{"id":185,"date":"2022-12-07T13:12:24","date_gmt":"2022-12-07T13:12:24","guid":{"rendered":"https:\/\/escampe.fr\/permaculture\/?page_id=185"},"modified":"2024-01-08T11:08:55","modified_gmt":"2024-01-08T11:08:55","slug":"jardin-pedagogique","status":"publish","type":"page","link":"https:\/\/escampe.fr\/permaculture\/?page_id=185","title":{"rendered":"Jardin p\u00e9dagogique"},"content":{"rendered":"\n<p><strong>Crocus de la terre \u00e0 l&rsquo;assiette.<\/strong><\/p>\n\n\n\n<p>A Crocus, nous cultivons aussi une surface de 1500 m2 en potag\u00e8res qui compl\u00e8te les fruits, les plantes sauvages &#8230; de la for\u00eat comestible.<br>Tout ceci nous permet d&rsquo;\u00eatre autonomes en nourriture toute l&rsquo;ann\u00e9e. Nous sommes paysans et cuisiniers. Nous cuisinons nos produits pour des groupes et des \u00e9v\u00e9nements proches de l&rsquo;\u00e9thique de la permaculture (retraites silencieuses, stages de yoga, tantrisme, zen, danses, chants, etc\u2026).<\/p>\n\n\n\n<p><strong>Le potager p\u00e9dagogique c&rsquo;est apprendre ensemble <\/strong>les gestes du jardinage, l&rsquo;utilisation, la fabrication et l&rsquo;entretien d&rsquo;outils adapt\u00e9s, le<br>partage des savoirs et l&rsquo;entraide.<br>Le potager p\u00e9dagogique c&rsquo;est <strong>utiliser des techniques de conservation \u00e0 faible empreinte \u00e9cologique et devenir autonome<\/strong> toute l&rsquo;ann\u00e9e en consommant ses propres l\u00e9gumes.<\/p>\n\n\n\n<h2 class=\"wp-block-heading\">Pour participer<\/h2>\n\n\n\n<p>Le potager p\u00e9dagogique c&rsquo;est le matin \u00e0 Crocus, en semaine et presque toute l&rsquo;ann\u00e9e.<br>Les horaires sont variables avec les saisons<br>Si vous voulez venir travailler avec nous merci : <br>&gt; d&rsquo;\u00eatre pr\u00e9sent(e)s 10 minutes avant l&rsquo;heure que nous avons fix\u00e9e,<br>&gt; de prendre un couteau, des gants et des v\u00eatements adapt\u00e9s au travail des champs, <br>&gt; une bouteille d&rsquo;eau, <br>&gt; de rester toute la matin\u00e9e si vous le pouvez<br>&gt; et d&rsquo;amener votre pique-nique pour que nous d\u00e9jeunions ensemble le midi.<\/p>\n\n\n\n<p>C&rsquo;est gratuit.<\/p>\n\n\n\n<p><strong>Inscription<\/strong> demand\u00e9e<br>Contact potager p\u00e9dagogique : <a href=\"mailto:leplacard.mecanique@laposte.net\" data-type=\"mailto\" data-id=\"mailto:leplacard.mecanique@laposte.net\">Pascal<\/a><br><br>et Pascal se fera \u00e9galement un plaisir de vous inscrire \u00e0 la <strong>Permalettre<\/strong>, l&rsquo;actualit\u00e9 hebdomadaire de se qui se passe au jardin r\u00e9dig\u00e9e avec beaucoup d&rsquo;humour. Demandez lui.<\/p>\n\n\n\n<p>Adresse de Crocus : La Hur\u00e8lerie &#8211; 72500 Jupilles<\/p>\n","protected":false},"excerpt":{"rendered":"<p>Crocus de la terre \u00e0 l&rsquo;assiette. A Crocus, nous cultivons aussi une surface de 1500 m2 en potag\u00e8res qui compl\u00e8te les fruits, les plantes sauvages &#8230; de la for\u00eat comestible.Tout ceci nous permet d&rsquo;\u00eatre autonomes en nourriture toute l&rsquo;ann\u00e9e. Nous sommes paysans et cuisiniers. Nous cuisinons nos produits pour des groupes et des \u00e9v\u00e9nements proches &hellip; <a href=\"https:\/\/escampe.fr\/permaculture\/?page_id=185\" class=\"more-link\">Continuer la lecture de <span class=\"screen-reader-text\">Jardin p\u00e9dagogique<\/span>  <span class=\"meta-nav\">&rarr;<\/span><\/a><\/p>\n","protected":false},"author":1,"featured_media":187,"parent":0,"menu_order":0,"comment_status":"closed","ping_status":"closed","template":"","meta":{"footnotes":""},"class_list":["post-185","page","type-page","status-publish","has-post-thumbnail","hentry"],"_links":{"self":[{"href":"https:\/\/escampe.fr\/permaculture\/index.php?rest_route=\/wp\/v2\/pages\/185"}],"collection":[{"href":"https:\/\/escampe.fr\/permaculture\/index.php?rest_route=\/wp\/v2\/pages"}],"about":[{"href":"https:\/\/escampe.fr\/permaculture\/index.php?rest_route=\/wp\/v2\/types\/page"}],"author":[{"embeddable":true,"href":"https:\/\/escampe.fr\/permaculture\/index.php?rest_route=\/wp\/v2\/users\/1"}],"replies":[{"embeddable":true,"href":"https:\/\/escampe.fr\/permaculture\/index.php?rest_route=%2Fwp%2Fv2%2Fcomments&post=185"}],"version-history":[{"count":3,"href":"https:\/\/escampe.fr\/permaculture\/index.php?rest_route=\/wp\/v2\/pages\/185\/revisions"}],"predecessor-version":[{"id":307,"href":"https:\/\/escampe.fr\/permaculture\/index.php?rest_route=\/wp\/v2\/pages\/185\/revisions\/307"}],"wp:featuredmedia":[{"embeddable":true,"href":"https:\/\/escampe.fr\/permaculture\/index.php?rest_route=\/wp\/v2\/media\/187"}],"wp:attachment":[{"href":"https:\/\/escampe.fr\/permaculture\/index.php?rest_route=%2Fwp%2Fv2%2Fmedia&parent=185"}],"curies":[{"name":"wp","href":"https:\/\/api.w.org\/{rel}","templated":true}]}}