{"id":179,"date":"2022-12-04T21:53:54","date_gmt":"2022-12-04T21:53:54","guid":{"rendered":"https:\/\/escampe.fr\/permaculture\/?page_id=179"},"modified":"2022-12-04T21:53:54","modified_gmt":"2022-12-04T21:53:54","slug":"film-mission-regeneration","status":"publish","type":"page","link":"https:\/\/escampe.fr\/permaculture\/?page_id=179","title":{"rendered":"Film \u00ab\u00a0Mission R\u00e9g\u00e9n\u00e9ration\u00a0\u00bb"},"content":{"rendered":"\n<p><strong>Un film de Josh et Rebecca Tickell<\/strong><\/p>\n\n\n\n<p>Suivi d&rsquo;un d\u00e9bat<br>Le vendredi 20 janvier 2023 &#8211; <br>Espace Les R\u00e9collets \u00e0 Montval-sur-Loir<br><br>En partenariat avec le R\u00e9seau Cin\u00e9-Off et DESTINY FILMS<\/p>\n\n\n\n<p><strong>Synopsis :\u00a0<\/strong><br>Les sols de la plan\u00e8te sont LA cl\u00e9 pour inverser le r\u00e9chauffement climatique. En effet, en les r\u00e9g\u00e9n\u00e9rant, nous pouvons totalement stabiliser le climat de la Terre, restaurer les \u00e9cosyst\u00e8mes perdus et cr\u00e9er des r\u00e9serves alimentaires abondantes. De quelle mani\u00e8re la nourriture que vous mangez peut inverser le cours des choses, gu\u00e9rir votre corps et finalement sauver notre monde ?<br><br><a href=\"https:\/\/www.destinydistribution.com\/distribution\/mission-regeneration\/\" data-type=\"URL\" data-id=\"https:\/\/www.destinydistribution.com\/distribution\/mission-regeneration\/\" target=\"_blank\" rel=\"noreferrer noopener\">>> En savoir plus sur le film<\/a> <\/p>\n","protected":false},"excerpt":{"rendered":"<p>Un film de Josh et Rebecca Tickell Suivi d&rsquo;un d\u00e9batLe vendredi 20 janvier 2023 &#8211; Espace Les R\u00e9collets \u00e0 Montval-sur-Loir En partenariat avec le R\u00e9seau Cin\u00e9-Off et DESTINY FILMS Synopsis :\u00a0Les sols de la plan\u00e8te sont LA cl\u00e9 pour inverser le r\u00e9chauffement climatique. En effet, en les r\u00e9g\u00e9n\u00e9rant, nous pouvons totalement stabiliser le climat de &hellip; <a href=\"https:\/\/escampe.fr\/permaculture\/?page_id=179\" class=\"more-link\">Continuer la lecture de <span class=\"screen-reader-text\">Film \u00ab\u00a0Mission R\u00e9g\u00e9n\u00e9ration\u00a0\u00bb<\/span>  <span class=\"meta-nav\">&rarr;<\/span><\/a><\/p>\n","protected":false},"author":1,"featured_media":149,"parent":0,"menu_order":0,"comment_status":"closed","ping_status":"closed","template":"","meta":{"footnotes":""},"class_list":["post-179","page","type-page","status-publish","has-post-thumbnail","hentry"],"_links":{"self":[{"href":"https:\/\/escampe.fr\/permaculture\/index.php?rest_route=\/wp\/v2\/pages\/179"}],"collection":[{"href":"https:\/\/escampe.fr\/permaculture\/index.php?rest_route=\/wp\/v2\/pages"}],"about":[{"href":"https:\/\/escampe.fr\/permaculture\/index.php?rest_route=\/wp\/v2\/types\/page"}],"author":[{"embeddable":true,"href":"https:\/\/escampe.fr\/permaculture\/index.php?rest_route=\/wp\/v2\/users\/1"}],"replies":[{"embeddable":true,"href":"https:\/\/escampe.fr\/permaculture\/index.php?rest_route=%2Fwp%2Fv2%2Fcomments&post=179"}],"version-history":[{"count":1,"href":"https:\/\/escampe.fr\/permaculture\/index.php?rest_route=\/wp\/v2\/pages\/179\/revisions"}],"predecessor-version":[{"id":181,"href":"https:\/\/escampe.fr\/permaculture\/index.php?rest_route=\/wp\/v2\/pages\/179\/revisions\/181"}],"wp:featuredmedia":[{"embeddable":true,"href":"https:\/\/escampe.fr\/permaculture\/index.php?rest_route=\/wp\/v2\/media\/149"}],"wp:attachment":[{"href":"https:\/\/escampe.fr\/permaculture\/index.php?rest_route=%2Fwp%2Fv2%2Fmedia&parent=179"}],"curies":[{"name":"wp","href":"https:\/\/api.w.org\/{rel}","templated":true}]}}