{"id":176,"date":"2022-12-04T21:34:05","date_gmt":"2022-12-04T21:34:05","guid":{"rendered":"https:\/\/escampe.fr\/permaculture\/?page_id=176"},"modified":"2023-06-20T09:56:56","modified_gmt":"2023-06-20T09:56:56","slug":"prochainement","status":"publish","type":"page","link":"https:\/\/escampe.fr\/permaculture\/?page_id=176","title":{"rendered":"Prochainement"},"content":{"rendered":"\n<h2 class=\"wp-block-heading\"><br><a href=\"https:\/\/escampe.fr\/permaculture\/?page_id=129\">Initiation \u00e0 la Permaculture<\/a> <br>du 21 au 23 juillet 2023<\/h2>\n\n\n\n<p>3 jours d\u2019immersion\/formation &#8211; Ecolieu Crocus \u2013 72500 Jupilles<\/p>\n\n\n\n<h2 class=\"wp-block-heading\"><br><a href=\"https:\/\/escampe.fr\/permaculture\/?page_id=253\">Ateliers Clown \u2013 PermaClown<\/a> <br>2 stages d\u2019\u00e9t\u00e9 de du 28 au 30 juillet et du 18 au 20 ao\u00fbt 2023<\/h2>\n\n\n\n<p><\/p>\n","protected":false},"excerpt":{"rendered":"<p>Initiation \u00e0 la Permaculture du 21 au 23 juillet 2023 3 jours d\u2019immersion\/formation &#8211; Ecolieu Crocus \u2013 72500 Jupilles Ateliers Clown \u2013 PermaClown 2 stages d\u2019\u00e9t\u00e9 de du 28 au 30 juillet et du 18 au 20 ao\u00fbt 2023<\/p>\n","protected":false},"author":1,"featured_media":0,"parent":0,"menu_order":0,"comment_status":"closed","ping_status":"closed","template":"","meta":{"footnotes":""},"class_list":["post-176","page","type-page","status-publish","hentry"],"_links":{"self":[{"href":"https:\/\/escampe.fr\/permaculture\/index.php?rest_route=\/wp\/v2\/pages\/176"}],"collection":[{"href":"https:\/\/escampe.fr\/permaculture\/index.php?rest_route=\/wp\/v2\/pages"}],"about":[{"href":"https:\/\/escampe.fr\/permaculture\/index.php?rest_route=\/wp\/v2\/types\/page"}],"author":[{"embeddable":true,"href":"https:\/\/escampe.fr\/permaculture\/index.php?rest_route=\/wp\/v2\/users\/1"}],"replies":[{"embeddable":true,"href":"https:\/\/escampe.fr\/permaculture\/index.php?rest_route=%2Fwp%2Fv2%2Fcomments&post=176"}],"version-history":[{"count":4,"href":"https:\/\/escampe.fr\/permaculture\/index.php?rest_route=\/wp\/v2\/pages\/176\/revisions"}],"predecessor-version":[{"id":265,"href":"https:\/\/escampe.fr\/permaculture\/index.php?rest_route=\/wp\/v2\/pages\/176\/revisions\/265"}],"wp:attachment":[{"href":"https:\/\/escampe.fr\/permaculture\/index.php?rest_route=%2Fwp%2Fv2%2Fmedia&parent=176"}],"curies":[{"name":"wp","href":"https:\/\/api.w.org\/{rel}","templated":true}]}}